{"id":6,"date":"2018-07-06T20:27:02","date_gmt":"2018-07-06T20:27:02","guid":{"rendered":"http:\/\/gerhard-ege.de\/?page_id=6"},"modified":"2019-04-04T08:39:52","modified_gmt":"2019-04-04T08:39:52","slug":"gerhard-ege-ueber-mich","status":"publish","type":"page","link":"https:\/\/gerhard-ege.de\/?page_id=6","title":{"rendered":"\u00dcber mich"},"content":{"rendered":"<p><img loading=\"lazy\" class=\"size-medium wp-image-21\" src=\"http:\/\/gerhard-ege.de\/wp-content\/uploads\/2018\/07\/gerhard-ege_swp-300x228.jpg\" alt=\"\" width=\"300\" height=\"228\" srcset=\"https:\/\/gerhard-ege.de\/wp-content\/uploads\/2018\/07\/gerhard-ege_swp-300x228.jpg 300w, https:\/\/gerhard-ege.de\/wp-content\/uploads\/2018\/07\/gerhard-ege_swp-361x274.jpg 361w, https:\/\/gerhard-ege.de\/wp-content\/uploads\/2018\/07\/gerhard-ege_swp.jpg 387w\" sizes=\"(max-width: 300px) 100vw, 300px\" \/> Bin der typische schw\u00e4bische T\u00fcftler und Forscher(Geist)! Und deshalb auch langj\u00e4hriges Mitglied des Deutschen Erfinderverbandes <strong>DEV<\/strong> Sektion Stuttgart. Vier abgeschlossene Berufe und zwei weitere Berufe (Grundausbildung) haben meinem Wissensdurst immer noch nicht Gen\u00fcge getan. Als Autodidakt reizen mich vor allem Technik und Ph\u00e4nomene ganz besonders. Nach M\u00f6glichkeit &#8222;mu\u00df&#8220; die passende Antwort her!<\/p>\n<p><span style=\"font-size: 1.0625rem;\">Der Wende-Kreisel hat mich total fasziniert und infiziert.?? Sein Geheimnis?? \u00a0Endlich,\u00a0 nach Tausenden(!)\u00a0 Nach-Denk-Stunden:\u00a0 \u00a0Heureka!\u00a0 &#8211; so mu\u00df er <\/span><a style=\"font-size: 1.0625rem;\" href=\"http:\/\/gerhard-ege.de\/?p=68\">&#8222;Ticken&#8220;<\/a><span style=\"font-size: 1.0625rem;\">!<\/span><\/p>\n<p><strong>Schutzrechte:<\/strong>\u00a0 Mangelhafte Produkte m\u00fcssen verbessert und perfektioniert werden (Bsp.: undichte Sp\u00fclk\u00e4sten, <a href=\"http:\/\/gerhard-ege.de\/?p=51\">Dosierung von Globuli<\/a>).<\/p>\n<p>Medaillen f\u00fcr Erfindungen:\u00a0 \u00a0 &#8211;\u00a0 Gold\u00a0 &#8211;\u00a0 Silber\u00a0 &#8211;\u00a0 Bronze (2)\u00a0 \u00a0auf internat. Messen (N\u00fcrnberg, Genf, D\u00fcsseldorf).<\/p>\n<p>Als Erfinder suche ich<strong> Interessenten<\/strong> f\u00fcr meine Schutzrechte\/Design!<\/p>\n<p>Schw\u00e4bische Zeitung:\u00a0<a href=\"https:\/\/www.schwaebische.de\/landkreis\/alb-donau-kreis\/ehingen_artikel,-t\u00fcftler-gerhard-ege-kann-einfach-alles-_arid,10286183.html\">T\u00fcftler Gerhard Ege kann einfach alles<\/a><br \/>SWP.de: <a href=\"https:\/\/www.swp.de\/suedwesten\/staedte\/ehingen\/besser-gehts-immer-19228527.html\">Besser geht&#8217;s immer<\/a><\/p>\n<p>http:\/\/www.tria-online.eu: <a href=\"http:\/\/www.tria-online.eu\/Newseintrag.17.0.html?&amp;tx_news_pi1%5Bnews%5D=2802&amp;tx_news_pi1%5Bcontroller%5D=News&amp;tx_news_pi1%5Baction%5D=detail&amp;cHash=f80afd1bcb0dc116706bed956cc2eabb\">Patente sichern Innovationsvorsprung<\/a><\/p>\n<p>IHK_Magazin_WAB_12_2017: <a href=\"http:\/\/gerhard-ege.de\/wp-content\/uploads\/2018\/07\/IHK_Magazin_WAB_12_2017_Gl_30112017-data.pdf\">IHK_Magazin_WAB_12_2017_Gl_30112017-data<\/a><\/p>\n<p>Erinet 2012, Rollenhalter: <a href=\"http:\/\/www.erinet.de\/2012\/Messe_Genf_April\/MGenf_Exp_Rollenhalter.pdf\">http:\/\/www.erinet.de\/2012\/Messe_Genf_April\/MGenf_Exp_Rollenhalter.pdf<\/a><\/p>\n<p>Kontakt:<a href=\"mailto:info@gerhard-ege.de\"> info@gerhard-ege.de<\/a><\/p>\n<p><img src=\"https:\/\/4johannes.de\/wordpress\/wp-content\/uploads\/2016\/01\/Capture.png\" \/><\/p>\n\n\n<p><\/p>\n","protected":false},"excerpt":{"rendered":"<p>Bin der typische schw\u00e4bische T\u00fcftler und Forscher(Geist)! Und deshalb auch langj\u00e4hriges Mitglied des Deutschen Erfinderverbandes DEV Sektion Stuttgart. Vier abgeschlossene Berufe und zwei weitere Berufe<\/p>\n","protected":false},"author":1,"featured_media":0,"parent":0,"menu_order":0,"comment_status":"closed","ping_status":"closed","template":"","meta":{"spay_email":""},"jetpack_sharing_enabled":true,"jetpack_shortlink":"https:\/\/wp.me\/Pa3zOE-6","_links":{"self":[{"href":"https:\/\/gerhard-ege.de\/index.php?rest_route=\/wp\/v2\/pages\/6"}],"collection":[{"href":"https:\/\/gerhard-ege.de\/index.php?rest_route=\/wp\/v2\/pages"}],"about":[{"href":"https:\/\/gerhard-ege.de\/index.php?rest_route=\/wp\/v2\/types\/page"}],"author":[{"embeddable":true,"href":"https:\/\/gerhard-ege.de\/index.php?rest_route=\/wp\/v2\/users\/1"}],"replies":[{"embeddable":true,"href":"https:\/\/gerhard-ege.de\/index.php?rest_route=%2Fwp%2Fv2%2Fcomments&post=6"}],"version-history":[{"count":21,"href":"https:\/\/gerhard-ege.de\/index.php?rest_route=\/wp\/v2\/pages\/6\/revisions"}],"predecessor-version":[{"id":244,"href":"https:\/\/gerhard-ege.de\/index.php?rest_route=\/wp\/v2\/pages\/6\/revisions\/244"}],"wp:attachment":[{"href":"https:\/\/gerhard-ege.de\/index.php?rest_route=%2Fwp%2Fv2%2Fmedia&parent=6"}],"curies":[{"name":"wp","href":"https:\/\/api.w.org\/{rel}","templated":true}]}}