{"id":158,"date":"2019-02-03T06:53:16","date_gmt":"2019-02-03T06:53:16","guid":{"rendered":"http:\/\/gerhard-ege.de\/?page_id=158"},"modified":"2019-03-28T12:05:37","modified_gmt":"2019-03-28T12:05:37","slug":"patente","status":"publish","type":"page","link":"https:\/\/gerhard-ege.de\/?page_id=158","title":{"rendered":"Schutzrechte"},"content":{"rendered":"\n<p>Eine \u00dcbersicht der von mir get\u00e4tigten Schutzrechte.  Ich freue mich \u00fcber Anfragen.<\/p>\n\n\n\n<h2>Crazy Screw<\/h2>\n\n\n\n<p>Eine technische, paradoxe Trickschraube mit &#8222;Aha-Effekt&#8220;. Das &#8222;eingesperrte&#8220; Symbol soll ohne Gewalt befreit werden. <br>Know-how ist alles &#8211; aber wie?!<br><\/p>\n\n\n\n<h2><a href=\"http:\/\/gerhard-ege.de\/?p=32\">Folienspender<\/a><\/h2>\n\n\n\n<p>FreierZugriff auf die gew\u00fcnschte Folienart.&nbsp;<br>Separate Schneidleiste. Bedienung einh\u00e4ndig.<br><\/p>\n\n\n\n<h2>Universal-Dosierer<\/h2>\n\n\n\n<p>F\u00fcr alle rieself\u00e4higen Stoffe (Zucker, Gew\u00fcrze&#8230;). Drehrichtung beliebig.&nbsp;<br>Menge entsprechend Drehweg. Keine Dosierst\u00f6\u00dfe &#8211; stets aromadicht.&nbsp;<\/p>\n\n\n\n<h2>Curry-Dosierer<\/h2>\n\n\n\n<p>Dosiert &#8222;schwierige&#8220; Pulverarten. Menge proportional Drehweg.Keine Dosierst\u00f6\u00dfe.<br>RollenhalterF\u00fcr perforierte (K\u00fcchen)-Rollen. Freier Zugriff &#8211; einh\u00e4ndige Blattentnahme.&nbsp;<\/p>\n\n\n\n<h2><a href=\"http:\/\/gerhard-ege.de\/?p=51\">Globuli-Dosierer<\/a><\/h2>\n\n\n\n<p>Einfache Dosierung fixer bzw. variabler St\u00fcckzahl. Teils einh\u00e4ndig bedienbar.<br><\/p>\n\n\n\n<h2>Zuckerstreuer<\/h2>\n\n\n\n<p>Streuvorrichtung f\u00fcr Nahrungsmittel<\/p>\n\n\n\n<h2><br>Zitronenschnitz-Presse<\/h2>\n\n\n\n<p> Saft tr\u00e4ufeln &#8211; einh\u00e4ndig<br><\/p>\n\n\n\n<h2>Muskatm\u00fchle<\/h2>\n\n\n\n<p> Reibeinrichtung f\u00fcr Muskatn\u00fcsse<\/p>\n\n\n\n<h2><br>Ger\u00fcst<\/h2>\n\n\n\n<p> Diebstahlschutz<br><\/p>\n\n\n\n<p>Merkmale: Die Systeme sind weitgehend selbsterkl\u00e4rend, einfach, effizient und hygienisch.<br>Schwerpunkt: Techn. L\u00f6sungen bzw. Vereinfachung (Mechanik).<\/p>\n","protected":false},"excerpt":{"rendered":"<p>Eine \u00dcbersicht der von mir get\u00e4tigten Schutzrechte. Ich freue mich \u00fcber Anfragen. Crazy Screw Eine technische, paradoxe Trickschraube mit &#8222;Aha-Effekt&#8220;. Das &#8222;eingesperrte&#8220; Symbol soll ohne<\/p>\n","protected":false},"author":2,"featured_media":0,"parent":0,"menu_order":0,"comment_status":"closed","ping_status":"closed","template":"","meta":{"spay_email":""},"jetpack_sharing_enabled":true,"jetpack_shortlink":"https:\/\/wp.me\/Pa3zOE-2y","_links":{"self":[{"href":"https:\/\/gerhard-ege.de\/index.php?rest_route=\/wp\/v2\/pages\/158"}],"collection":[{"href":"https:\/\/gerhard-ege.de\/index.php?rest_route=\/wp\/v2\/pages"}],"about":[{"href":"https:\/\/gerhard-ege.de\/index.php?rest_route=\/wp\/v2\/types\/page"}],"author":[{"embeddable":true,"href":"https:\/\/gerhard-ege.de\/index.php?rest_route=\/wp\/v2\/users\/2"}],"replies":[{"embeddable":true,"href":"https:\/\/gerhard-ege.de\/index.php?rest_route=%2Fwp%2Fv2%2Fcomments&post=158"}],"version-history":[{"count":7,"href":"https:\/\/gerhard-ege.de\/index.php?rest_route=\/wp\/v2\/pages\/158\/revisions"}],"predecessor-version":[{"id":242,"href":"https:\/\/gerhard-ege.de\/index.php?rest_route=\/wp\/v2\/pages\/158\/revisions\/242"}],"wp:attachment":[{"href":"https:\/\/gerhard-ege.de\/index.php?rest_route=%2Fwp%2Fv2%2Fmedia&parent=158"}],"curies":[{"name":"wp","href":"https:\/\/api.w.org\/{rel}","templated":true}]}}